{"id":48,"date":"2020-02-03T09:39:27","date_gmt":"2020-02-03T17:39:27","guid":{"rendered":"https:\/\/crestuc.wpengine.com\/?page_id=48"},"modified":"2020-08-03T12:38:38","modified_gmt":"2020-08-03T19:38:38","slug":"flip-card-example","status":"publish","type":"page","link":"https:\/\/almaprogram.com\/es\/flip-card-example\/","title":{"rendered":"\"Ejemplo de \"Flip Card"},"content":{"rendered":"<div id=\"pl-48\"  class=\"panel-layout\" >\n<div id=\"pg-48-0\"  class=\"panel-grid panel-no-style\" >\n<div id=\"pgc-48-0-0\"  class=\"panel-grid-cell\"  data-weight=\"1\" >\n<div id=\"panel-48-0-0-0\" class=\"so-panel widget widget_sow-editor panel-first-child panel-last-child\" data-index=\"0\" data-style=\"{&quot;background_image_attachment&quot;:false,&quot;background_display&quot;:&quot;tile&quot;}\" >\n<div class=\"so-widget-sow-editor so-widget-sow-editor-base\">\n<div class=\"siteorigin-widget-tinymce textwidget\">\n<p>La parte de la pregunta del flip card ir\u00eda aqu\u00ed. Puede tener im\u00e1genes, etc. Haga clic en \"Mostrar respuesta\" para ver el contenido de la respuesta.<\/p>\n        <div class=\"rmwr-wrapper\" \n             data-id=\"rmwr-69f4f2760e4b0\"\n             data-mode=\"normal\"\n             data-animation=\"fade\"\n             data-duration=\"300\"\n             data-smooth-scroll=\"true\"\n             data-scroll-offset=\"0\">\n            <button \n                type=\"button\"\n                class=\"read-link\" \n                id=\"readlinkrmwr-69f4f2760e4b0\"\n                data-open-text=\"View Answer\"\n                data-close-text=\"Hide Answer\"\n                aria-expanded=\"false\"\n                aria-controls=\"readrmwr-69f4f2760e4b0\"\n                aria-label=\"Ver respuesta\"\n            >\n                <span class=\"rmwr-text\">Ver respuesta<\/span>\n            <\/button>\n            <div \n                class=\"read_div\" \n                id=\"readrmwr-69f4f2760e4b0\"\n                aria-hidden=\"true\"\n                data-animation=\"fade\"\n                data-duration=\"300\"\n                style=\"display: none;\"\n            >\n                <\/p>\n<p>El contenido de la respuesta ir\u00eda aqu\u00ed, y estar\u00eda oculto por defecto hasta que el usuario hiciera clic.<\/p>\n<p>            <\/div>\n        <\/div>\n        \n<\/div>\n<\/div>\n<\/div>\n<\/div>\n<\/div>\n<div id=\"pg-48-1\"  class=\"panel-grid panel-no-style\" >\n<div id=\"pgc-48-1-0\"  class=\"panel-grid-cell\"  data-weight=\"1\" >\n<div id=\"panel-48-1-0-0\" class=\"so-panel widget widget_sow-editor panel-first-child panel-last-child\" data-index=\"1\" data-style=\"{&quot;background_image_attachment&quot;:false,&quot;background_display&quot;:&quot;tile&quot;}\" >\n<div class=\"so-widget-sow-editor so-widget-sow-editor-base\">\n<div class=\"siteorigin-widget-tinymce textwidget\">\n<p>Incluso puede tener varias tarjetas flip en una p\u00e1gina.<\/p>\n        <div class=\"rmwr-wrapper\" \n             data-id=\"rmwr-69f4f2760e67a\"\n             data-mode=\"normal\"\n             data-animation=\"fade\"\n             data-duration=\"300\"\n             data-smooth-scroll=\"true\"\n             data-scroll-offset=\"0\">\n            <button \n                type=\"button\"\n                class=\"read-link\" \n                id=\"readlinkrmwr-69f4f2760e67a\"\n                data-open-text=\"View Answer\"\n                data-close-text=\"Hide Answer\"\n                aria-expanded=\"false\"\n                aria-controls=\"readrmwr-69f4f2760e67a\"\n                aria-label=\"Ver respuesta\"\n            >\n                <span class=\"rmwr-text\">Ver respuesta<\/span>\n            <\/button>\n            <div \n                class=\"read_div\" \n                id=\"readrmwr-69f4f2760e67a\"\n                aria-hidden=\"true\"\n                data-animation=\"fade\"\n                data-duration=\"300\"\n                style=\"display: none;\"\n            >\n                <\/p>\n<p>El contenido de la respuesta ir\u00eda aqu\u00ed, y estar\u00eda oculto por defecto hasta que el usuario hiciera clic.<\/p>\n<p>            <\/div>\n        <\/div>\n        \n<\/div>\n<\/div>\n<\/div>\n<\/div>\n<\/div>\n<\/div>","protected":false},"excerpt":{"rendered":"<p>La parte de la pregunta del flip card ir\u00eda aqu\u00ed. Puede tener im\u00e1genes, etc. Haga clic en \"Mostrar respuesta\" para ver el contenido de la respuesta. Incluso puedes tener varias flip cards en una p\u00e1gina.<\/p>","protected":false},"author":2,"featured_media":0,"parent":0,"menu_order":0,"comment_status":"closed","ping_status":"closed","template":"","meta":{"_acf_changed":false,"_bbp_topic_count":0,"_bbp_reply_count":0,"_bbp_total_topic_count":0,"_bbp_total_reply_count":0,"_bbp_voice_count":0,"_bbp_anonymous_reply_count":0,"_bbp_topic_count_hidden":0,"_bbp_reply_count_hidden":0,"_bbp_forum_subforum_count":0,"_genesis_hide_title":false,"_genesis_hide_breadcrumbs":false,"_genesis_hide_singular_image":false,"_genesis_hide_footer_widgets":false,"_genesis_custom_body_class":"","_genesis_custom_post_class":"","_genesis_layout":"","footnotes":""},"class_list":{"0":"post-48","1":"page","2":"type-page","3":"status-publish","5":"entry"},"acf":[],"yoast_head":"<!-- This site is optimized with the Yoast SEO plugin v27.3 - https:\/\/yoast.com\/product\/yoast-seo-wordpress\/ -->\n<title>&quot;Flip Card&quot; Example - Renee Crown Wellness Courses<\/title>\n<meta name=\"robots\" content=\"index, follow, max-snippet:-1, max-image-preview:large, max-video-preview:-1\" \/>\n<link rel=\"canonical\" href=\"https:\/\/almaprogram.com\/es\/flip-card-example\/\" \/>\n<meta property=\"og:locale\" content=\"es_MX\" \/>\n<meta property=\"og:type\" content=\"article\" \/>\n<meta property=\"og:title\" content=\"&quot;Flip Card&quot; Example - Renee Crown Wellness Courses\" \/>\n<meta property=\"og:description\" content=\"The question part of the flip card would go here. It can have images, etc. Click &#8220;Show Answer&#8221; to see the answer content. You can even have multiple flip cards on one page.\" \/>\n<meta property=\"og:url\" content=\"https:\/\/almaprogram.com\/es\/flip-card-example\/\" \/>\n<meta property=\"og:site_name\" content=\"Renee Crown Wellness Courses\" \/>\n<meta property=\"article:modified_time\" content=\"2020-08-03T19:38:38+00:00\" \/>\n<meta name=\"twitter:card\" content=\"summary_large_image\" \/>\n<script type=\"application\/ld+json\" class=\"yoast-schema-graph\">{\"@context\":\"https:\\\/\\\/schema.org\",\"@graph\":[{\"@type\":\"WebPage\",\"@id\":\"https:\\\/\\\/almaprogram.com\\\/flip-card-example\\\/\",\"url\":\"https:\\\/\\\/almaprogram.com\\\/flip-card-example\\\/\",\"name\":\"\\\"Flip Card\\\" Example - Renee Crown Wellness Courses\",\"isPartOf\":{\"@id\":\"https:\\\/\\\/almaprogram.com\\\/#website\"},\"datePublished\":\"2020-02-03T17:39:27+00:00\",\"dateModified\":\"2020-08-03T19:38:38+00:00\",\"breadcrumb\":{\"@id\":\"https:\\\/\\\/almaprogram.com\\\/flip-card-example\\\/#breadcrumb\"},\"inLanguage\":\"es\",\"potentialAction\":[{\"@type\":\"ReadAction\",\"target\":[\"https:\\\/\\\/almaprogram.com\\\/flip-card-example\\\/\"]}]},{\"@type\":\"BreadcrumbList\",\"@id\":\"https:\\\/\\\/almaprogram.com\\\/flip-card-example\\\/#breadcrumb\",\"itemListElement\":[{\"@type\":\"ListItem\",\"position\":1,\"name\":\"Home\",\"item\":\"https:\\\/\\\/almaprogram.com\\\/\"},{\"@type\":\"ListItem\",\"position\":2,\"name\":\"&#8220;Flip Card&#8221; Example\"}]},{\"@type\":\"WebSite\",\"@id\":\"https:\\\/\\\/almaprogram.com\\\/#website\",\"url\":\"https:\\\/\\\/almaprogram.com\\\/\",\"name\":\"Renee Crown Wellness Courses\",\"description\":\"\",\"publisher\":{\"@id\":\"https:\\\/\\\/almaprogram.com\\\/#organization\"},\"potentialAction\":[{\"@type\":\"SearchAction\",\"target\":{\"@type\":\"EntryPoint\",\"urlTemplate\":\"https:\\\/\\\/almaprogram.com\\\/?s={search_term_string}\"},\"query-input\":{\"@type\":\"PropertyValueSpecification\",\"valueRequired\":true,\"valueName\":\"search_term_string\"}}],\"inLanguage\":\"es\"},{\"@type\":\"Organization\",\"@id\":\"https:\\\/\\\/almaprogram.com\\\/#organization\",\"name\":\"Renee Crown Wellness Courses\",\"url\":\"https:\\\/\\\/almaprogram.com\\\/\",\"logo\":{\"@type\":\"ImageObject\",\"inLanguage\":\"es\",\"@id\":\"https:\\\/\\\/almaprogram.com\\\/#\\\/schema\\\/logo\\\/image\\\/\",\"url\":\"https:\\\/\\\/almaprogram.com\\\/wp-content\\\/uploads\\\/2021\\\/01\\\/Alma-Logo.png\",\"contentUrl\":\"https:\\\/\\\/almaprogram.com\\\/wp-content\\\/uploads\\\/2021\\\/01\\\/Alma-Logo.png\",\"width\":6418,\"height\":3411,\"caption\":\"Renee Crown Wellness Courses\"},\"image\":{\"@id\":\"https:\\\/\\\/almaprogram.com\\\/#\\\/schema\\\/logo\\\/image\\\/\"}}]}<\/script>\n<!-- \/ Yoast SEO plugin. -->","yoast_head_json":{"title":"Ejemplo de \"Flip Card\" - Cursos de bienestar Renee Crown","robots":{"index":"index","follow":"follow","max-snippet":"max-snippet:-1","max-image-preview":"max-image-preview:large","max-video-preview":"max-video-preview:-1"},"canonical":"https:\/\/almaprogram.com\/es\/flip-card-example\/","og_locale":"es_MX","og_type":"article","og_title":"\"Flip Card\" Example - Renee Crown Wellness Courses","og_description":"The question part of the flip card would go here. It can have images, etc. Click &#8220;Show Answer&#8221; to see the answer content. You can even have multiple flip cards on one page.","og_url":"https:\/\/almaprogram.com\/es\/flip-card-example\/","og_site_name":"Renee Crown Wellness Courses","article_modified_time":"2020-08-03T19:38:38+00:00","twitter_card":"summary_large_image","schema":{"@context":"https:\/\/schema.org","@graph":[{"@type":"WebPage","@id":"https:\/\/almaprogram.com\/flip-card-example\/","url":"https:\/\/almaprogram.com\/flip-card-example\/","name":"Ejemplo de \"Flip Card\" - Cursos de bienestar Renee Crown","isPartOf":{"@id":"https:\/\/almaprogram.com\/#website"},"datePublished":"2020-02-03T17:39:27+00:00","dateModified":"2020-08-03T19:38:38+00:00","breadcrumb":{"@id":"https:\/\/almaprogram.com\/flip-card-example\/#breadcrumb"},"inLanguage":"es","potentialAction":[{"@type":"ReadAction","target":["https:\/\/almaprogram.com\/flip-card-example\/"]}]},{"@type":"BreadcrumbList","@id":"https:\/\/almaprogram.com\/flip-card-example\/#breadcrumb","itemListElement":[{"@type":"ListItem","position":1,"name":"Home","item":"https:\/\/almaprogram.com\/"},{"@type":"ListItem","position":2,"name":"&#8220;Flip Card&#8221; Example"}]},{"@type":"WebSite","@id":"https:\/\/almaprogram.com\/#website","url":"https:\/\/almaprogram.com\/","name":"Cursos de bienestar de Renee Crown","description":"","publisher":{"@id":"https:\/\/almaprogram.com\/#organization"},"potentialAction":[{"@type":"SearchAction","target":{"@type":"EntryPoint","urlTemplate":"https:\/\/almaprogram.com\/?s={search_term_string}"},"query-input":{"@type":"PropertyValueSpecification","valueRequired":true,"valueName":"search_term_string"}}],"inLanguage":"es"},{"@type":"Organization","@id":"https:\/\/almaprogram.com\/#organization","name":"Cursos de bienestar de Renee Crown","url":"https:\/\/almaprogram.com\/","logo":{"@type":"ImageObject","inLanguage":"es","@id":"https:\/\/almaprogram.com\/#\/schema\/logo\/image\/","url":"https:\/\/almaprogram.com\/wp-content\/uploads\/2021\/01\/Alma-Logo.png","contentUrl":"https:\/\/almaprogram.com\/wp-content\/uploads\/2021\/01\/Alma-Logo.png","width":6418,"height":3411,"caption":"Renee Crown Wellness Courses"},"image":{"@id":"https:\/\/almaprogram.com\/#\/schema\/logo\/image\/"}}]}},"_links":{"self":[{"href":"https:\/\/almaprogram.com\/es\/wp-json\/wp\/v2\/pages\/48","targetHints":{"allow":["GET"]}}],"collection":[{"href":"https:\/\/almaprogram.com\/es\/wp-json\/wp\/v2\/pages"}],"about":[{"href":"https:\/\/almaprogram.com\/es\/wp-json\/wp\/v2\/types\/page"}],"author":[{"embeddable":true,"href":"https:\/\/almaprogram.com\/es\/wp-json\/wp\/v2\/users\/2"}],"replies":[{"embeddable":true,"href":"https:\/\/almaprogram.com\/es\/wp-json\/wp\/v2\/comments?post=48"}],"version-history":[{"count":0,"href":"https:\/\/almaprogram.com\/es\/wp-json\/wp\/v2\/pages\/48\/revisions"}],"wp:attachment":[{"href":"https:\/\/almaprogram.com\/es\/wp-json\/wp\/v2\/media?parent=48"}],"curies":[{"name":"wp","href":"https:\/\/api.w.org\/{rel}","templated":true}]}}